{"id":13,"date":"2025-11-20T17:22:54","date_gmt":"2025-11-20T10:22:54","guid":{"rendered":"http:\/\/fulfillcoffeesupply.com\/?page_id=13"},"modified":"2026-03-09T15:29:55","modified_gmt":"2026-03-09T08:29:55","slug":"chinh-sach-thanh-toan","status":"publish","type":"page","link":"https:\/\/fulfillcoffeesupply.com\/index.php\/chinh-sach-thanh-toan\/","title":{"rendered":"Ch\u00ednh s\u00e1ch thanh to\u00e1n"},"content":{"rendered":"\n<p>\u0110\u1ec3 h\u1ed7 tr\u1ee3 cho qu\u00fd kh\u00e1ch h\u00e0ng khi thanh to\u00e1n, ch\u00fang t\u00f4i \u0111\u01b0a ra c\u00e1c ph\u01b0\u01a1ng th\u1ee9c thanh to\u00e1n linh ho\u1ea1t. Qu\u00fd kh\u00e1ch h\u00e0ng vui l\u00f2ng \u0111\u1ecdc k\u1ef9 c\u00e1c th\u00f4ng tin d\u01b0\u1edbi \u0111\u00e2y.<\/p>\n\n\n\n<h3 class=\"wp-block-heading\"><strong>\u0110\u1eb7t h\u00e0ng<\/strong><\/h3>\n\n\n\n<p>Sau khi qu\u00fd kh\u00e1ch h\u00e0ng \u0111\u1eb7t h\u00e0ng th\u00e0nh c\u00f4ng t\u1ea1i website fulfillcoffeesupply.com, nh\u00e2n vi\u00ean c\u1ee7a FCS s\u1ebd li\u00ean h\u1ec7 theo th\u00f4ng tin qu\u00fd kh\u00e1ch h\u00e0ng cung c\u1ea5p trong \u0111\u01a1n h\u00e0ng \u0111\u1ec3 x\u00e1c nh\u1eadn \u0111\u01a1n h\u00e0ng.<\/p>\n\n\n\n<p>Sau khi x\u00e1c nh\u1eadn \u0111\u01a1n h\u00e0ng th\u00e0nh c\u00f4ng, nh\u00e2n vi\u00ean c\u1ee7a FCS s\u1ebd ti\u1ebfn h\u00e0nh l\u00ean \u0111\u01a1n, \u0111\u00f3ng g\u00f3i v\u00e0 giao h\u00e0ng \u0111\u1ebfn \u0111\u1ecba ch\u1ec9 \u0111\u01b0\u1ee3c qu\u00fd kh\u00e1ch h\u00e0ng cung c\u1ea5p trong \u0111\u01a1n h\u00e0ng.<\/p>\n\n\n\n<h4 class=\"wp-block-heading\"><strong>Giao h\u00e0ng &#8211; Tr\u1ea3 ti\u1ec1n m\u1eb7t (COD)<\/strong><\/h4>\n\n\n\n<p>Qu\u00fd kh\u00e1ch h\u00e0ng thanh to\u00e1n b\u1eb1ng ti\u1ec1n m\u1eb7t cho nh\u00e2n vi\u00ean giao nh\u1eadn.<\/p>\n\n\n\n<h4 class=\"wp-block-heading\"><strong>Chuy\u1ec3n kho\u1ea3n qua ng\u00e2n h\u00e0ng<\/strong><\/h4>\n\n\n\n<p>Th\u1ef1c hi\u1ec7n thanh to\u00e1n v\u00e0o t\u00e0i kho\u1ea3n ng\u00e2n h\u00e0ng c\u1ee7a FCS. \u0110\u01a1n h\u00e0ng s\u1ebd \u0111\u01b0\u1ee3c x\u1eed l\u00fd sau khi ti\u1ec1n \u0111\u00e3 chuy\u1ec3n.<\/p>\n\n\n\n<p>Th\u00f4ng tin t\u00e0i kho\u1ea3n ng\u00e2n h\u00e0ng:<\/p>\n\n\n\n<p>T\u00ean t\u00e0i kho\u1ea3n \/ S\u1ed1 t\u00e0i kho\u1ea3n:<\/p>\n\n\n\n<p>Ng\u00e2n h\u00e0ng:<\/p>\n\n\n\n<h4 class=\"wp-block-heading\"><strong>Thanh to\u00e1n th\u00f4ng qua V\u00ed \u0111i\u1ec7n t\u1eed<\/strong><\/h4>\n\n\n\n<p>Qu\u00fd kh\u00e1ch h\u00e0ng li\u00ean k\u1ebft v\u1edbi V\u00ed \u0111i\u1ec7n t\u1eed (Momo, Zalo Pay,&#8230;) \u0111\u1ec3 ti\u1ebfn h\u00e0nh thanh to\u00e1n. Sau khi thanh to\u00e1n, \u0111\u01a1n h\u00e0ng \u0111\u01b0\u1ee3c x\u00e1c nh\u1eadn v\u00e0 th\u1ef1c hi\u1ec7n c\u00e1c b\u01b0\u1edbc ti\u1ebfp theo.<\/p>\n\n\n\n<h3 class=\"wp-block-heading\"><strong>H\u01b0\u1edbng d\u1eabn \u0111\u1eb7t h\u00e0ng<\/strong><\/h3>\n\n\n\n<p>H\u01b0\u1edbng d\u1eabn qu\u00fd kh\u00e1ch \u0111\u1eb7t h\u00e0ng t\u1ea1i website c\u1ee7a FCS:<\/p>\n\n\n\n<p>B\u01b0\u1edbc 1: Truy c\u1eadp website ch\u00fang t\u00f4i theo \u0111\u1ecba ch\u1ec9: fulfillcoffeesupply.com<\/p>\n\n\n\n<p>B\u01b0\u1edbc 2: L\u1ef1a ch\u1ecdn s\u1ea3n ph\u1ea9m v\u00e0 xem gi\u00e1 chi ti\u1ebft s\u1ea3n ph\u1ea9m \u0111\u00f3, r\u1ed3i sau \u0111\u00f3 \u1ea5n v\u00e0o \u0111\u1ec3 mua h\u00e0ng, Qu\u00fd kh\u00e1ch c\u00f3 th\u1ec3 mua nhi\u1ec1u s\u1ea3n ph\u1ea9m kh\u00e1c nhau trong m\u1ed9t \u0111\u01a1n h\u00e0ng.<\/p>\n\n\n\n<p>B\u01b0\u1edbc 3: Qu\u00fd kh\u00e1ch \u0111i\u1ec1n \u0111\u1ea7y \u0111\u1ee7 th\u00f4ng tin \u0111\u1ecba ch\u1ec9 nh\u1eadn h\u00e0ng. \u00c1p voucher gi\u1ea3m gi\u00e1 (n\u1ebfu c\u00f3). Ch\u1ecdn h\u00ecnh th\u1ee9c thanh to\u00e1n ph\u00f9 h\u1ee3p.<\/p>\n\n\n\n<p>B\u01b0\u1edbc 4: Sau khi nh\u1eadn \u0111\u01a1n h\u00e0ng c\u1ee7a ng\u01b0\u1eddi mua, ch\u00fang s\u1ebd x\u00e1c nh\u1eadn l\u1ea1i \u0111\u01a1n h\u00e0ng b\u1eb1ng c\u00e1ch li\u00ean h\u1ec7 v\u1edbi ng\u01b0\u1eddi mua theo th\u00f4ng tin \u0111\u1ecba ch\u1ec9, s\u1ed1 \u0111i\u1ec7n tho\u1ea1i \u0111\u00e3 g\u1eedi.<\/p>\n\n\n\n<p>B\u01b0\u1edbc 5: FCS l\u00ean \u0111\u01a1n, \u0111\u00f3ng g\u00f3i v\u00e0 g\u1eedi h\u00e0ng cho ng\u01b0\u1eddi mua<\/p>\n\n\n\n<p>Th\u1eddi gian giao h\u00e0ng \u0111\u01b0\u1ee3c b\u1eaft \u0111\u1ea7u t\u00ednh t\u1eeb l\u00fac \u0111\u01a1n h\u00e0ng c\u1ee7a b\u1ea1n \u0111\u01b0\u1ee3c x\u00e1c nh\u1eadn th\u00e0nh c\u00f4ng. Th\u1eddi gian v\u1eadn chuy\u1ec3n dao \u0111\u1ed9ng t\u1eeb 3 &#8211; 7 ng\u00e0y tu\u1ef3 v\u00e0o khu v\u1ef1c (kh\u00f4ng t\u00ednh th\u1ee9 7, ch\u1ee7 nh\u1eadt v\u00e0 ng\u00e0y l\u1ec5).<\/p>\n\n\n\n<p><\/p>\n","protected":false},"excerpt":{"rendered":"<p>\u0110\u1ec3 h\u1ed7 tr\u1ee3 cho qu\u00fd kh\u00e1ch h\u00e0ng khi thanh to\u00e1n, ch\u00fang t\u00f4i \u0111\u01b0a ra c\u00e1c ph\u01b0\u01a1ng th\u1ee9c thanh to\u00e1n linh ho\u1ea1t. Qu\u00fd kh\u00e1ch h\u00e0ng vui l\u00f2ng \u0111\u1ecdc k\u1ef9 c\u00e1c th\u00f4ng tin d\u01b0\u1edbi \u0111\u00e2y. \u0110\u1eb7t h\u00e0ng Sau khi qu\u00fd kh\u00e1ch h\u00e0ng \u0111\u1eb7t h\u00e0ng th\u00e0nh c\u00f4ng t\u1ea1i website fulfillcoffeesupply.com, nh\u00e2n vi\u00ean c\u1ee7a FCS s\u1ebd li\u00ean h\u1ec7 theo [&hellip;]<\/p>\n","protected":false},"author":1,"featured_media":0,"parent":0,"menu_order":0,"comment_status":"closed","ping_status":"closed","template":"","meta":{"footnotes":""},"class_list":["post-13","page","type-page","status-publish","hentry"],"_links":{"self":[{"href":"https:\/\/fulfillcoffeesupply.com\/index.php\/wp-json\/wp\/v2\/pages\/13","targetHints":{"allow":["GET"]}}],"collection":[{"href":"https:\/\/fulfillcoffeesupply.com\/index.php\/wp-json\/wp\/v2\/pages"}],"about":[{"href":"https:\/\/fulfillcoffeesupply.com\/index.php\/wp-json\/wp\/v2\/types\/page"}],"author":[{"embeddable":true,"href":"https:\/\/fulfillcoffeesupply.com\/index.php\/wp-json\/wp\/v2\/users\/1"}],"replies":[{"embeddable":true,"href":"https:\/\/fulfillcoffeesupply.com\/index.php\/wp-json\/wp\/v2\/comments?post=13"}],"version-history":[{"count":3,"href":"https:\/\/fulfillcoffeesupply.com\/index.php\/wp-json\/wp\/v2\/pages\/13\/revisions"}],"predecessor-version":[{"id":8325,"href":"https:\/\/fulfillcoffeesupply.com\/index.php\/wp-json\/wp\/v2\/pages\/13\/revisions\/8325"}],"wp:attachment":[{"href":"https:\/\/fulfillcoffeesupply.com\/index.php\/wp-json\/wp\/v2\/media?parent=13"}],"curies":[{"name":"wp","href":"https:\/\/api.w.org\/{rel}","templated":true}]}}