{"id":7521,"date":"2025-11-19T08:14:39","date_gmt":"2025-11-19T01:14:39","guid":{"rendered":"http:\/\/fulfillcoffeesupply.com\/?page_id=7521"},"modified":"2025-12-18T16:40:07","modified_gmt":"2025-12-18T09:40:07","slug":"san-pham","status":"publish","type":"page","link":"https:\/\/fulfillcoffeesupply.com\/index.php\/san-pham\/","title":{"rendered":"S\u1ea3n ph\u1ea9m"},"content":{"rendered":"\t\t<div data-elementor-type=\"wp-page\" data-elementor-id=\"7521\" class=\"elementor elementor-7521\" data-elementor-post-type=\"page\">\n\t\t\t\t<div class=\"elementor-element elementor-element-6a432be e-flex e-con-boxed e-con e-parent\" data-id=\"6a432be\" data-element_type=\"container\" data-settings=\"{&quot;background_background&quot;:&quot;classic&quot;}\">\n\t\t\t\t\t<div class=\"e-con-inner\">\n\t\t\t\t<div class=\"elementor-element elementor-element-bb6d54c elementor-widget elementor-widget-woocommerce-breadcrumb\" data-id=\"bb6d54c\" data-element_type=\"widget\" data-widget_type=\"woocommerce-breadcrumb.default\">\n\t\t\t\t\t<nav class=\"woocommerce-breadcrumb\" aria-label=\"Breadcrumb\">Trang ch\u1ee7<\/nav>\t\t\t\t<\/div>\n\t\t\t\t\t<\/div>\n\t\t\t\t<\/div>\n\t\t<div class=\"elementor-element elementor-element-3fa1b7f e-flex e-con-boxed e-con e-parent\" data-id=\"3fa1b7f\" data-element_type=\"container\" data-settings=\"{&quot;background_background&quot;:&quot;classic&quot;}\">\n\t\t\t\t\t<div class=\"e-con-inner\">\n\t\t\t\t<div class=\"elementor-element elementor-element-aa081c2 elementor-widget elementor-widget-image\" data-id=\"aa081c2\" data-element_type=\"widget\" data-widget_type=\"image.default\">\n\t\t\t\t\t\t\t\t\t\t\t\t\t\t\t<img fetchpriority=\"high\" decoding=\"async\" width=\"512\" height=\"512\" src=\"https:\/\/fulfillcoffeesupply.com\/wp-content\/uploads\/2025\/11\/coffee-bag_4221047.png\" class=\"attachment-large size-large wp-image-7477\" alt=\"\" srcset=\"https:\/\/fulfillcoffeesupply.com\/wp-content\/uploads\/2025\/11\/coffee-bag_4221047.png 512w, https:\/\/fulfillcoffeesupply.com\/wp-content\/uploads\/2025\/11\/coffee-bag_4221047-300x300.png 300w, https:\/\/fulfillcoffeesupply.com\/wp-content\/uploads\/2025\/11\/coffee-bag_4221047-150x150.png 150w, https:\/\/fulfillcoffeesupply.com\/wp-content\/uploads\/2025\/11\/coffee-bag_4221047-441x441.png 441w, https:\/\/fulfillcoffeesupply.com\/wp-content\/uploads\/2025\/11\/coffee-bag_4221047-100x100.png 100w\" sizes=\"(max-width: 512px) 100vw, 512px\" \/>\t\t\t\t\t\t\t\t\t\t\t\t\t\t\t<\/div>\n\t\t\t\t<div class=\"elementor-element elementor-element-99dd583 elementor-widget elementor-widget-heading\" data-id=\"99dd583\" data-element_type=\"widget\" data-widget_type=\"heading.default\">\n\t\t\t\t\t<h2 class=\"elementor-heading-title elementor-size-default\">Danh m\u1ee5c s\u1ea3n ph\u1ea9m<\/h2>\t\t\t\t<\/div>\n\t\t\t\t<div class=\"elementor-element elementor-element-f6b2ecf elementor-widget-divider--view-line elementor-widget elementor-widget-divider\" data-id=\"f6b2ecf\" data-element_type=\"widget\" data-widget_type=\"divider.default\">\n\t\t\t\t\t\t\t<div class=\"elementor-divider\">\n\t\t\t<span class=\"elementor-divider-separator\">\n\t\t\t\t\t\t<\/span>\n\t\t<\/div>\n\t\t\t\t\t\t<\/div>\n\t\t\t\t\t<\/div>\n\t\t\t\t<\/div>\n\t\t<div class=\"elementor-element elementor-element-4dd80d9 e-grid e-con-boxed e-con e-parent\" data-id=\"4dd80d9\" data-element_type=\"container\" data-settings=\"{&quot;background_background&quot;:&quot;classic&quot;}\">\n\t\t\t\t\t<div class=\"e-con-inner\">\n\t\t<div class=\"elementor-element elementor-element-ede6db0 e-con-full e-flex e-con e-child\" data-id=\"ede6db0\" data-element_type=\"container\">\n\t\t\t\t<div class=\"elementor-element elementor-element-2968afd elementor-widget elementor-widget-image\" data-id=\"2968afd\" data-element_type=\"widget\" data-widget_type=\"image.default\">\n\t\t\t\t\t\t\t\t\t\t\t\t\t\t\t<img decoding=\"async\" width=\"476\" height=\"250\" src=\"https:\/\/fulfillcoffeesupply.com\/wp-content\/uploads\/2025\/11\/Category-Image-1-1.jpg\" class=\"attachment-large size-large wp-image-7552\" alt=\"\" srcset=\"https:\/\/fulfillcoffeesupply.com\/wp-content\/uploads\/2025\/11\/Category-Image-1-1.jpg 476w, https:\/\/fulfillcoffeesupply.com\/wp-content\/uploads\/2025\/11\/Category-Image-1-1-150x79.jpg 150w, https:\/\/fulfillcoffeesupply.com\/wp-content\/uploads\/2025\/11\/Category-Image-1-1-300x158.jpg 300w, https:\/\/fulfillcoffeesupply.com\/wp-content\/uploads\/2025\/11\/Category-Image-1-1-441x232.jpg 441w\" sizes=\"(max-width: 476px) 100vw, 476px\" \/>\t\t\t\t\t\t\t\t\t\t\t\t\t\t\t<\/div>\n\t\t\t\t<div class=\"elementor-element elementor-element-4b18718 elementor-absolute elementor-widget elementor-widget-heading\" data-id=\"4b18718\" data-element_type=\"widget\" data-settings=\"{&quot;_position&quot;:&quot;absolute&quot;}\" data-widget_type=\"heading.default\">\n\t\t\t\t\t<h2 class=\"elementor-heading-title elementor-size-default\">H\u1ed9p qu\u00e0 combo<\/h2>\t\t\t\t<\/div>\n\t\t\t\t<div class=\"elementor-element elementor-element-a775ad9 elementor-widget elementor-widget-heading\" data-id=\"a775ad9\" data-element_type=\"widget\" data-widget_type=\"heading.default\">\n\t\t\t\t\t<h2 class=\"elementor-heading-title elementor-size-default\">H\u1ed9p qu\u00e0 combo<\/h2>\t\t\t\t<\/div>\n\t\t\t\t<div class=\"elementor-element elementor-element-b728161 elementor-widget elementor-widget-heading\" data-id=\"b728161\" data-element_type=\"widget\" data-widget_type=\"heading.default\">\n\t\t\t\t\t<h2 class=\"elementor-heading-title elementor-size-default\">5 Product<\/h2>\t\t\t\t<\/div>\n\t\t\t\t<\/div>\n\t\t<div class=\"elementor-element elementor-element-f09aac7 e-con-full e-flex e-con e-child\" data-id=\"f09aac7\" data-element_type=\"container\">\n\t\t\t\t<div class=\"elementor-element elementor-element-b020782 elementor-widget elementor-widget-image\" data-id=\"b020782\" data-element_type=\"widget\" data-widget_type=\"image.default\">\n\t\t\t\t\t\t\t\t\t\t\t\t\t\t\t<img decoding=\"async\" width=\"476\" height=\"250\" src=\"https:\/\/fulfillcoffeesupply.com\/wp-content\/uploads\/2025\/11\/Category-Image-2-1.jpg\" class=\"attachment-large size-large wp-image-7553\" alt=\"\" srcset=\"https:\/\/fulfillcoffeesupply.com\/wp-content\/uploads\/2025\/11\/Category-Image-2-1.jpg 476w, https:\/\/fulfillcoffeesupply.com\/wp-content\/uploads\/2025\/11\/Category-Image-2-1-150x79.jpg 150w, https:\/\/fulfillcoffeesupply.com\/wp-content\/uploads\/2025\/11\/Category-Image-2-1-300x158.jpg 300w, https:\/\/fulfillcoffeesupply.com\/wp-content\/uploads\/2025\/11\/Category-Image-2-1-441x232.jpg 441w\" sizes=\"(max-width: 476px) 100vw, 476px\" \/>\t\t\t\t\t\t\t\t\t\t\t\t\t\t\t<\/div>\n\t\t\t\t<div class=\"elementor-element elementor-element-61f2e04 elementor-absolute elementor-widget elementor-widget-heading\" data-id=\"61f2e04\" data-element_type=\"widget\" data-settings=\"{&quot;_position&quot;:&quot;absolute&quot;}\" data-widget_type=\"heading.default\">\n\t\t\t\t\t<h2 class=\"elementor-heading-title elementor-size-default\">S\u1ea3n ph\u1ea9m m\u1edbi\u200b<\/h2>\t\t\t\t<\/div>\n\t\t\t\t<div class=\"elementor-element elementor-element-a126d8e elementor-widget elementor-widget-heading\" data-id=\"a126d8e\" data-element_type=\"widget\" data-widget_type=\"heading.default\">\n\t\t\t\t\t<h2 class=\"elementor-heading-title elementor-size-default\">S\u1ea3n ph\u1ea9m m\u1edbi\u200b<\/h2>\t\t\t\t<\/div>\n\t\t\t\t<div class=\"elementor-element elementor-element-16e087a elementor-widget elementor-widget-heading\" data-id=\"16e087a\" data-element_type=\"widget\" data-widget_type=\"heading.default\">\n\t\t\t\t\t<h2 class=\"elementor-heading-title elementor-size-default\">5 Product<\/h2>\t\t\t\t<\/div>\n\t\t\t\t<\/div>\n\t\t<div class=\"elementor-element elementor-element-9db769d e-con-full e-flex e-con e-child\" data-id=\"9db769d\" data-element_type=\"container\">\n\t\t\t\t<div class=\"elementor-element elementor-element-d6e5f34 elementor-widget elementor-widget-image\" data-id=\"d6e5f34\" data-element_type=\"widget\" data-widget_type=\"image.default\">\n\t\t\t\t\t\t\t\t\t\t\t\t\t\t\t<img loading=\"lazy\" decoding=\"async\" width=\"476\" height=\"250\" src=\"https:\/\/fulfillcoffeesupply.com\/wp-content\/uploads\/2025\/11\/Category-Image-3-1.jpg\" class=\"attachment-large size-large wp-image-7554\" alt=\"\" srcset=\"https:\/\/fulfillcoffeesupply.com\/wp-content\/uploads\/2025\/11\/Category-Image-3-1.jpg 476w, https:\/\/fulfillcoffeesupply.com\/wp-content\/uploads\/2025\/11\/Category-Image-3-1-150x79.jpg 150w, https:\/\/fulfillcoffeesupply.com\/wp-content\/uploads\/2025\/11\/Category-Image-3-1-300x158.jpg 300w, https:\/\/fulfillcoffeesupply.com\/wp-content\/uploads\/2025\/11\/Category-Image-3-1-441x232.jpg 441w\" sizes=\"(max-width: 476px) 100vw, 476px\" \/>\t\t\t\t\t\t\t\t\t\t\t\t\t\t\t<\/div>\n\t\t\t\t<div class=\"elementor-element elementor-element-c099131 elementor-absolute elementor-widget elementor-widget-heading\" data-id=\"c099131\" data-element_type=\"widget\" data-settings=\"{&quot;_position&quot;:&quot;absolute&quot;}\" data-widget_type=\"heading.default\">\n\t\t\t\t\t<h2 class=\"elementor-heading-title elementor-size-default\">S\u1ea3n ph\u1ea9m n\u1ed5i b\u1eadt<\/h2>\t\t\t\t<\/div>\n\t\t\t\t<div class=\"elementor-element elementor-element-fd4cbbd elementor-widget elementor-widget-heading\" data-id=\"fd4cbbd\" data-element_type=\"widget\" data-widget_type=\"heading.default\">\n\t\t\t\t\t<h2 class=\"elementor-heading-title elementor-size-default\">S\u1ea3n ph\u1ea9m n\u1ed5i b\u1eadt<\/h2>\t\t\t\t<\/div>\n\t\t\t\t<div class=\"elementor-element elementor-element-4ec7d8e elementor-widget elementor-widget-heading\" data-id=\"4ec7d8e\" data-element_type=\"widget\" data-widget_type=\"heading.default\">\n\t\t\t\t\t<h2 class=\"elementor-heading-title elementor-size-default\">5 Product<\/h2>\t\t\t\t<\/div>\n\t\t\t\t<\/div>\n\t\t<div class=\"elementor-element elementor-element-3bdb699 e-con-full e-flex e-con e-child\" data-id=\"3bdb699\" data-element_type=\"container\">\n\t\t\t\t<div class=\"elementor-element elementor-element-4b63519 elementor-widget elementor-widget-image\" data-id=\"4b63519\" data-element_type=\"widget\" data-widget_type=\"image.default\">\n\t\t\t\t\t\t\t\t\t\t\t\t\t\t\t<img loading=\"lazy\" decoding=\"async\" width=\"476\" height=\"250\" src=\"https:\/\/fulfillcoffeesupply.com\/wp-content\/uploads\/2025\/11\/Category-Image-4-1.jpg\" class=\"attachment-large size-large wp-image-7555\" alt=\"\" srcset=\"https:\/\/fulfillcoffeesupply.com\/wp-content\/uploads\/2025\/11\/Category-Image-4-1.jpg 476w, https:\/\/fulfillcoffeesupply.com\/wp-content\/uploads\/2025\/11\/Category-Image-4-1-150x79.jpg 150w, https:\/\/fulfillcoffeesupply.com\/wp-content\/uploads\/2025\/11\/Category-Image-4-1-300x158.jpg 300w, https:\/\/fulfillcoffeesupply.com\/wp-content\/uploads\/2025\/11\/Category-Image-4-1-441x232.jpg 441w\" sizes=\"(max-width: 476px) 100vw, 476px\" \/>\t\t\t\t\t\t\t\t\t\t\t\t\t\t\t<\/div>\n\t\t\t\t<div class=\"elementor-element elementor-element-106a08c elementor-absolute elementor-widget elementor-widget-heading\" data-id=\"106a08c\" data-element_type=\"widget\" data-settings=\"{&quot;_position&quot;:&quot;absolute&quot;}\" data-widget_type=\"heading.default\">\n\t\t\t\t\t<h2 class=\"elementor-heading-title elementor-size-default\">c\u00e0 ph\u00ea phin<\/h2>\t\t\t\t<\/div>\n\t\t\t\t<div class=\"elementor-element elementor-element-0c2cb6a elementor-widget elementor-widget-heading\" data-id=\"0c2cb6a\" data-element_type=\"widget\" data-widget_type=\"heading.default\">\n\t\t\t\t\t<h2 class=\"elementor-heading-title elementor-size-default\">c\u00e0 ph\u00ea phin<\/h2>\t\t\t\t<\/div>\n\t\t\t\t<div class=\"elementor-element elementor-element-de26ff8 elementor-widget elementor-widget-heading\" data-id=\"de26ff8\" data-element_type=\"widget\" data-widget_type=\"heading.default\">\n\t\t\t\t\t<h2 class=\"elementor-heading-title elementor-size-default\">5 Product<\/h2>\t\t\t\t<\/div>\n\t\t\t\t<\/div>\n\t\t<div class=\"elementor-element elementor-element-0dcc6c5 e-con-full e-flex e-con e-child\" data-id=\"0dcc6c5\" data-element_type=\"container\">\n\t\t\t\t<div class=\"elementor-element elementor-element-98ab98d elementor-widget elementor-widget-image\" data-id=\"98ab98d\" data-element_type=\"widget\" data-widget_type=\"image.default\">\n\t\t\t\t\t\t\t\t\t\t\t\t\t\t\t<img loading=\"lazy\" decoding=\"async\" width=\"476\" height=\"250\" src=\"https:\/\/fulfillcoffeesupply.com\/wp-content\/uploads\/2025\/11\/Category-Image-5-1.jpg\" class=\"attachment-large size-large wp-image-7556\" alt=\"\" srcset=\"https:\/\/fulfillcoffeesupply.com\/wp-content\/uploads\/2025\/11\/Category-Image-5-1.jpg 476w, https:\/\/fulfillcoffeesupply.com\/wp-content\/uploads\/2025\/11\/Category-Image-5-1-150x79.jpg 150w, https:\/\/fulfillcoffeesupply.com\/wp-content\/uploads\/2025\/11\/Category-Image-5-1-300x158.jpg 300w, https:\/\/fulfillcoffeesupply.com\/wp-content\/uploads\/2025\/11\/Category-Image-5-1-441x232.jpg 441w\" sizes=\"(max-width: 476px) 100vw, 476px\" \/>\t\t\t\t\t\t\t\t\t\t\t\t\t\t\t<\/div>\n\t\t\t\t<div class=\"elementor-element elementor-element-413545a elementor-absolute elementor-widget elementor-widget-heading\" data-id=\"413545a\" data-element_type=\"widget\" data-settings=\"{&quot;_position&quot;:&quot;absolute&quot;}\" data-widget_type=\"heading.default\">\n\t\t\t\t\t<h2 class=\"elementor-heading-title elementor-size-default\">C\u00e0 ph\u00ea pha m\u00e1y<\/h2>\t\t\t\t<\/div>\n\t\t\t\t<div class=\"elementor-element elementor-element-3c58b3c elementor-widget elementor-widget-heading\" data-id=\"3c58b3c\" data-element_type=\"widget\" data-widget_type=\"heading.default\">\n\t\t\t\t\t<h2 class=\"elementor-heading-title elementor-size-default\">C\u00e0 ph\u00ea pha m\u00e1y<\/h2>\t\t\t\t<\/div>\n\t\t\t\t<div class=\"elementor-element elementor-element-9fe5d1c elementor-widget elementor-widget-heading\" data-id=\"9fe5d1c\" data-element_type=\"widget\" data-widget_type=\"heading.default\">\n\t\t\t\t\t<h2 class=\"elementor-heading-title elementor-size-default\">5 Product<\/h2>\t\t\t\t<\/div>\n\t\t\t\t<\/div>\n\t\t<div class=\"elementor-element elementor-element-d901788 e-con-full e-flex e-con e-child\" data-id=\"d901788\" data-element_type=\"container\">\n\t\t\t\t<div class=\"elementor-element elementor-element-28fed3e elementor-widget elementor-widget-image\" data-id=\"28fed3e\" data-element_type=\"widget\" data-widget_type=\"image.default\">\n\t\t\t\t\t\t\t\t\t\t\t\t\t\t\t<img loading=\"lazy\" decoding=\"async\" width=\"476\" height=\"250\" src=\"https:\/\/fulfillcoffeesupply.com\/wp-content\/uploads\/2025\/11\/Category-Image-6-1.jpg\" class=\"attachment-large size-large wp-image-7557\" alt=\"\" srcset=\"https:\/\/fulfillcoffeesupply.com\/wp-content\/uploads\/2025\/11\/Category-Image-6-1.jpg 476w, https:\/\/fulfillcoffeesupply.com\/wp-content\/uploads\/2025\/11\/Category-Image-6-1-150x79.jpg 150w, https:\/\/fulfillcoffeesupply.com\/wp-content\/uploads\/2025\/11\/Category-Image-6-1-300x158.jpg 300w, https:\/\/fulfillcoffeesupply.com\/wp-content\/uploads\/2025\/11\/Category-Image-6-1-441x232.jpg 441w\" sizes=\"(max-width: 476px) 100vw, 476px\" \/>\t\t\t\t\t\t\t\t\t\t\t\t\t\t\t<\/div>\n\t\t\t\t<div class=\"elementor-element elementor-element-cb2cce7 elementor-absolute elementor-widget elementor-widget-heading\" data-id=\"cb2cce7\" data-element_type=\"widget\" data-settings=\"{&quot;_position&quot;:&quot;absolute&quot;}\" data-widget_type=\"heading.default\">\n\t\t\t\t\t<h2 class=\"elementor-heading-title elementor-size-default\">C\u00e0 ph\u00ea \u1ee7 l\u1ea1nh<\/h2>\t\t\t\t<\/div>\n\t\t\t\t<div class=\"elementor-element elementor-element-2e2ed39 elementor-widget elementor-widget-heading\" data-id=\"2e2ed39\" data-element_type=\"widget\" data-widget_type=\"heading.default\">\n\t\t\t\t\t<h2 class=\"elementor-heading-title elementor-size-default\">C\u00e0 ph\u00ea \u1ee7 l\u1ea1nh<\/h2>\t\t\t\t<\/div>\n\t\t\t\t<div class=\"elementor-element elementor-element-eac70e1 elementor-widget elementor-widget-heading\" data-id=\"eac70e1\" data-element_type=\"widget\" data-widget_type=\"heading.default\">\n\t\t\t\t\t<h2 class=\"elementor-heading-title elementor-size-default\">5 Product<\/h2>\t\t\t\t<\/div>\n\t\t\t\t<\/div>\n\t\t<div class=\"elementor-element elementor-element-525130d e-con-full e-flex e-con e-child\" data-id=\"525130d\" data-element_type=\"container\">\n\t\t\t\t<div class=\"elementor-element elementor-element-59eb23b elementor-widget elementor-widget-image\" data-id=\"59eb23b\" data-element_type=\"widget\" data-widget_type=\"image.default\">\n\t\t\t\t\t\t\t\t\t\t\t\t\t\t\t<img loading=\"lazy\" decoding=\"async\" width=\"476\" height=\"250\" src=\"https:\/\/fulfillcoffeesupply.com\/wp-content\/uploads\/2025\/11\/Category-Image-7-1.jpg\" class=\"attachment-large size-large wp-image-7558\" alt=\"\" srcset=\"https:\/\/fulfillcoffeesupply.com\/wp-content\/uploads\/2025\/11\/Category-Image-7-1.jpg 476w, https:\/\/fulfillcoffeesupply.com\/wp-content\/uploads\/2025\/11\/Category-Image-7-1-150x79.jpg 150w, https:\/\/fulfillcoffeesupply.com\/wp-content\/uploads\/2025\/11\/Category-Image-7-1-300x158.jpg 300w, https:\/\/fulfillcoffeesupply.com\/wp-content\/uploads\/2025\/11\/Category-Image-7-1-441x232.jpg 441w\" sizes=\"(max-width: 476px) 100vw, 476px\" \/>\t\t\t\t\t\t\t\t\t\t\t\t\t\t\t<\/div>\n\t\t\t\t<div class=\"elementor-element elementor-element-2383a85 elementor-absolute elementor-widget elementor-widget-heading\" data-id=\"2383a85\" data-element_type=\"widget\" data-settings=\"{&quot;_position&quot;:&quot;absolute&quot;}\" data-widget_type=\"heading.default\">\n\t\t\t\t\t<h2 class=\"elementor-heading-title elementor-size-default\">c\u00e0 ph\u00ea nh\u00e2n xanh<\/h2>\t\t\t\t<\/div>\n\t\t\t\t<div class=\"elementor-element elementor-element-b14510f elementor-widget elementor-widget-heading\" data-id=\"b14510f\" data-element_type=\"widget\" data-widget_type=\"heading.default\">\n\t\t\t\t\t<h2 class=\"elementor-heading-title elementor-size-default\">c\u00e0 ph\u00ea nh\u00e2n xanh<\/h2>\t\t\t\t<\/div>\n\t\t\t\t<div class=\"elementor-element elementor-element-442eb4e elementor-widget elementor-widget-heading\" data-id=\"442eb4e\" data-element_type=\"widget\" data-widget_type=\"heading.default\">\n\t\t\t\t\t<h2 class=\"elementor-heading-title elementor-size-default\">5 Product<\/h2>\t\t\t\t<\/div>\n\t\t\t\t<\/div>\n\t\t<div class=\"elementor-element elementor-element-cb21827 e-con-full e-flex e-con e-child\" data-id=\"cb21827\" data-element_type=\"container\">\n\t\t\t\t<div class=\"elementor-element elementor-element-1c35f4c elementor-widget elementor-widget-image\" data-id=\"1c35f4c\" data-element_type=\"widget\" data-widget_type=\"image.default\">\n\t\t\t\t\t\t\t\t\t\t\t\t\t\t\t<img loading=\"lazy\" decoding=\"async\" width=\"476\" height=\"250\" src=\"https:\/\/fulfillcoffeesupply.com\/wp-content\/uploads\/2025\/11\/Category-Image-8-1.jpg\" class=\"attachment-large size-large wp-image-7559\" alt=\"\" srcset=\"https:\/\/fulfillcoffeesupply.com\/wp-content\/uploads\/2025\/11\/Category-Image-8-1.jpg 476w, https:\/\/fulfillcoffeesupply.com\/wp-content\/uploads\/2025\/11\/Category-Image-8-1-150x79.jpg 150w, https:\/\/fulfillcoffeesupply.com\/wp-content\/uploads\/2025\/11\/Category-Image-8-1-300x158.jpg 300w, https:\/\/fulfillcoffeesupply.com\/wp-content\/uploads\/2025\/11\/Category-Image-8-1-441x232.jpg 441w\" sizes=\"(max-width: 476px) 100vw, 476px\" \/>\t\t\t\t\t\t\t\t\t\t\t\t\t\t\t<\/div>\n\t\t\t\t<div class=\"elementor-element elementor-element-7ff8eb5 elementor-absolute elementor-widget elementor-widget-heading\" data-id=\"7ff8eb5\" data-element_type=\"widget\" data-settings=\"{&quot;_position&quot;:&quot;absolute&quot;}\" data-widget_type=\"heading.default\">\n\t\t\t\t\t<h2 class=\"elementor-heading-title elementor-size-default\">Excelsa coffee<\/h2>\t\t\t\t<\/div>\n\t\t\t\t<div class=\"elementor-element elementor-element-cc9f355 elementor-widget elementor-widget-heading\" data-id=\"cc9f355\" data-element_type=\"widget\" data-widget_type=\"heading.default\">\n\t\t\t\t\t<h2 class=\"elementor-heading-title elementor-size-default\">Excelsa coffee<\/h2>\t\t\t\t<\/div>\n\t\t\t\t<div class=\"elementor-element elementor-element-7ee0af9 elementor-widget elementor-widget-heading\" data-id=\"7ee0af9\" data-element_type=\"widget\" data-widget_type=\"heading.default\">\n\t\t\t\t\t<h2 class=\"elementor-heading-title elementor-size-default\">5 Product<\/h2>\t\t\t\t<\/div>\n\t\t\t\t<\/div>\n\t\t\t\t\t<\/div>\n\t\t\t\t<\/div>\n\t\t\t\t<\/div>\n\t\t","protected":false},"excerpt":{"rendered":"<p>Danh m\u1ee5c s\u1ea3n ph\u1ea9m H\u1ed9p qu\u00e0 combo H\u1ed9p qu\u00e0 combo 5 Product S\u1ea3n ph\u1ea9m m\u1edbi\u200b S\u1ea3n ph\u1ea9m m\u1edbi\u200b 5 Product S\u1ea3n ph\u1ea9m n\u1ed5i b\u1eadt S\u1ea3n ph\u1ea9m n\u1ed5i b\u1eadt 5 Product c\u00e0 ph\u00ea phin c\u00e0 ph\u00ea phin 5 Product C\u00e0 ph\u00ea pha m\u00e1y C\u00e0 ph\u00ea pha m\u00e1y 5 Product C\u00e0 ph\u00ea \u1ee7 l\u1ea1nh C\u00e0 ph\u00ea \u1ee7 [&hellip;]<\/p>\n","protected":false},"author":1,"featured_media":0,"parent":0,"menu_order":0,"comment_status":"closed","ping_status":"closed","template":"elementor_header_footer","meta":{"footnotes":""},"class_list":["post-7521","page","type-page","status-publish","hentry"],"_links":{"self":[{"href":"https:\/\/fulfillcoffeesupply.com\/index.php\/wp-json\/wp\/v2\/pages\/7521","targetHints":{"allow":["GET"]}}],"collection":[{"href":"https:\/\/fulfillcoffeesupply.com\/index.php\/wp-json\/wp\/v2\/pages"}],"about":[{"href":"https:\/\/fulfillcoffeesupply.com\/index.php\/wp-json\/wp\/v2\/types\/page"}],"author":[{"embeddable":true,"href":"https:\/\/fulfillcoffeesupply.com\/index.php\/wp-json\/wp\/v2\/users\/1"}],"replies":[{"embeddable":true,"href":"https:\/\/fulfillcoffeesupply.com\/index.php\/wp-json\/wp\/v2\/comments?post=7521"}],"version-history":[{"count":46,"href":"https:\/\/fulfillcoffeesupply.com\/index.php\/wp-json\/wp\/v2\/pages\/7521\/revisions"}],"predecessor-version":[{"id":8214,"href":"https:\/\/fulfillcoffeesupply.com\/index.php\/wp-json\/wp\/v2\/pages\/7521\/revisions\/8214"}],"wp:attachment":[{"href":"https:\/\/fulfillcoffeesupply.com\/index.php\/wp-json\/wp\/v2\/media?parent=7521"}],"curies":[{"name":"wp","href":"https:\/\/api.w.org\/{rel}","templated":true}]}}