{"id":7754,"date":"2025-11-20T17:23:42","date_gmt":"2025-11-20T10:23:42","guid":{"rendered":"http:\/\/fulfillcoffeesupply.com\/?page_id=7754"},"modified":"2026-03-09T15:29:26","modified_gmt":"2026-03-09T08:29:26","slug":"chinh-sach-doi-tra","status":"publish","type":"page","link":"https:\/\/fulfillcoffeesupply.com\/index.php\/chinh-sach-doi-tra\/","title":{"rendered":"Ch\u00ednh s\u00e1ch \u0111\u1ed5i tr\u1ea3"},"content":{"rendered":"\n<p>Qu\u00fd kh\u00e1ch c\u00f3 th\u1ec3 th\u1ef1c hi\u1ec7n b\u1ea3o h\u00e0nh khi s\u1eed d\u1ee5ng d\u1ecbch v\u1ee5 c\u1ee7a website FCS.<\/p>\n\n\n\n<p><strong>1. &nbsp;Ch\u00ednh s\u00e1ch ki\u1ec3m h\u00e0ng<\/strong><\/p>\n\n\n\n<p>Nh\u1eb1m \u0111\u1ea3m b\u1ea3o quy\u1ec1n l\u1ee3i ng\u01b0\u1eddi ti\u00eau d\u00f9ng, n\u00e2ng cao ch\u1ea5t l\u01b0\u1ee3ng d\u1ecbch v\u1ee5 sau b\u00e1n h\u00e0ng, FCS&nbsp;s\u1ebd h\u1ed7 tr\u1ee3 Qu\u00fd kh\u00e1ch th\u1ef1c hi\u1ec7n \u0111\u1ed5i s\u1ea3n ph\u1ea9m m\u1edbi. Ho\u1eb7c tr\u1ea3 l\u1ea1i s\u1ea3n ph\u1ea9m, ho\u00e0n ti\u1ec1n h\u00e0ng cho qu\u00fd kh\u00e1ch. (Nh\u01b0ng kh\u00f4ng ho\u00e0n l\u1ea1i ph\u00ed v\u1eadn chuy\u1ec3n ho\u1eb7c l\u1ec7 ph\u00ed giao h\u00e0ng n\u1ebfu c\u00f3).&nbsp;<\/p>\n\n\n\n<p><strong>Th\u1eddi \u0111i\u1ec3m ki\u1ec3m h\u00e0ng<\/strong><\/p>\n\n\n\n<p>FCS ch\u1ea5p nh\u1eadn cho kh\u00e1ch h\u00e0ng \u0111\u1ed3ng ki\u1ec3m v\u1edbi nh\u00e2n vi\u00ean giao h\u00e0ng t\u1ea1i th\u1eddi \u0111i\u1ec3m nh\u1eadn h\u00e0ng.<\/p>\n\n\n\n<p>Sau khi nh\u1eadn h\u00e0ng, kh\u00e1ch h\u00e0ng ki\u1ec3m l\u1ea1i ph\u00e1t hi\u1ec7n sai, c\u00f3 th\u1ec3 li\u00ean l\u1ea1c v\u1edbi b\u1ed9 ph\u1eadn ch\u0103m s\u00f3c kh\u00e1ch h\u00e0ng \u0111\u1ec3 \u0111\u01b0\u1ee3c h\u1ed7 tr\u1ee3 \u0111\u1ed5i tr\u1ea3. <strong>L\u01b0u \u00fd, qu\u00fd kh\u00e1ch quay video l\u00fac m\u1edf g\u00f3i h\u00e0ng \u0111\u1ec3 \u0111\u1ed1i chi\u1ebfu khi c\u1ea7n thi\u1ebft.<\/strong><\/p>\n\n\n\n<p><strong>Ph\u1ea1m vi ki\u1ec3m tra h\u00e0ng h\u00f3a<\/strong><\/p>\n\n\n\n<p>Kh\u00e1ch h\u00e0ng \u0111\u01b0\u1ee3c ki\u1ec3m tra \u0111\u00fang s\u1ed1 l\u01b0\u1ee3ng s\u1ea3n ph\u1ea9m th\u1ef1c nh\u1eadn, \u0111\u1ed1i chi\u1ebfu, so s\u00e1nh c\u00e1c s\u1ea3n ph\u1ea9m nh\u1eadn \u0111\u01b0\u1ee3c \u0111\u00fang v\u1edbi h\u00ecnh \u1ea3nh th\u1ef1c t\u1ebf c\u1ee7a s\u1ea3n ph\u1ea9m \u0111\u00e3 \u0111\u1eb7t tr\u00ean \u0111\u01a1n sau khi nh\u00e2n vi\u00ean FCS x\u00e1c nh\u1eadn.<\/p>\n\n\n\n<p>Tuy\u1ec7t \u0111\u1ed1i kh\u00f4ng b\u00f3c, m\u1edf th\u1eed s\u1ea3n ph\u1ea9m<\/p>\n\n\n\n<p><strong>2. Quy \u0111\u1ecbnh tr\u1ea3 h\u00e0ng<\/strong><\/p>\n\n\n\n<p>&#8211; H\u00e0ng giao kh\u00f4ng \u0111\u00fang ch\u1ee7ng lo\u1ea1i, m\u1eabu m\u00e3 nh\u01b0 qu\u00fd kh\u00e1ch \u0111\u1eb7t h\u00e0ng.&nbsp;<\/p>\n\n\n\n<p>&#8211; Kh\u00f4ng \u0111\u1ee7 s\u1ed1 l\u01b0\u1ee3ng, kh\u00f4ng \u0111\u1ee7 b\u1ed9 nh\u01b0 trong \u0111\u01a1n h\u00e0ng.&nbsp;<\/p>\n\n\n\n<p>&#8211; T\u00ecnh tr\u1ea1ng b\u00ean ngo\u00e0i b\u1ecb \u1ea3nh h\u01b0\u1edfng nh\u01b0 bong tr\u00f3c, b\u1ec3 v\u1ee1 x\u1ea3y ra trong qu\u00e1 tr\u00ecnh v\u1eadn chuy\u1ec3n,\u2026&nbsp;<\/p>\n\n\n\n<p>&#8211; Kh\u00f4ng \u0111\u1ea1t ch\u1ea5t l\u01b0\u1ee3ng nh\u01b0: qu\u00e1 h\u1ea1n s\u1eed d\u1ee5ng, h\u1ebft b\u1ea3o h\u00e0nh, kh\u00f4ng s\u1eed d\u1ee5ng \u0111\u01b0\u1ee3c l\u1ed7i do nh\u00e0 s\u1ea3n xu\u1ea5t. Th\u1eddi gian gi\u1ea3i quy\u1ebft tr\u1ea3 h\u00e0ng t\u1ed1i \u0111a trong v\u00f2ng 24 ti\u1ebfng, k\u1ec3 t\u1eeb khi kh\u00e1ch h\u00e0ng nh\u1eadn h\u00e0ng. Nh\u1eadn \u0111\u1ee7 s\u1ea3n ph\u1ea9m + ph\u1ee5 ki\u1ec7n + gi\u1ea5y t\u1edd li\u00ean quan.&nbsp;<\/p>\n\n\n\n<p>L\u01b0u \u00fd:&nbsp; Qu\u00fd kh\u00e1ch gi\u1eef l\u1ea1i to\u00e0n b\u1ed9 gi\u1ea5y t\u1edd khi giao d\u1ecbch v\u1edbi nh\u00e2n vi\u00ean c\u1ee7a FCS&nbsp;\u0111\u1ec3 \u0111\u1ed1i chi\u1ebfu khi c\u1ea7n thi\u1ebft. Gi\u1eef s\u1ea3n ph\u1ea9m m\u1edbi 100% nh\u01b0 ban \u0111\u1ea7u. \u0110\u1ec3 \u0111\u01b0\u1ee3c h\u01b0\u1edfng ch\u00ednh s\u00e1ch 1 \u0111\u1ed5i 1 ho\u1eb7c tr\u1ea3 l\u1ea1i trong 3 ng\u00e0y. Qu\u00fd kh\u00e1ch vui l\u00f2ng ki\u1ec3m tra h\u00e0ng h\u00f3a. V\u00e0 k\u00fd nh\u1eadn t\u00ecnh tr\u1ea1ng v\u1edbi nh\u00e2n vi\u00ean c\u1ee7a FCS ngay khi nh\u1eadn \u0111\u01b0\u1ee3c h\u00e0ng. Khi ph\u00e1t hi\u1ec7n m\u1ed9t trong c\u00e1c tr\u01b0\u1eddng h\u1ee3p tr\u00ean, qu\u00fd kh\u00e1ch c\u00f3 th\u1ec3 trao \u0111\u1ed5i tr\u1ef1c ti\u1ebfp v\u1edbi nh\u00e2n vi\u00ean c\u1ee7a FCS, ho\u1eb7c ph\u1ea3n h\u1ed3i cho ch\u00fang t\u00f4i trong v\u00f2ng 24 ti\u1ebfng theo hotline Ch\u0103m S\u00f3c Kh\u00e1ch H\u00e0ng:<\/p>\n\n\n\n<p><strong>3. Quy \u0111\u1ecbnh \u0111\u1ed5i h\u00e0ng&nbsp;<\/strong><\/p>\n\n\n\n<p>&#8211; Khi b\u00ean kh\u00e1ch h\u00e0ng ph\u00e1t hi\u1ec7n ra sai s\u00f3t c\u1ee7a s\u1ea3n ph\u1ea9m , kh\u00e1ch h\u00e0ng \u0111\u01b0\u1ee3c ph\u00e9p y\u00eau c\u1ea7u b\u00ean FCS \u0111\u1ed5i l\u1ea1i s\u1ea3n ph\u1ea9m trong v\u00f2ng 3 ng\u00e0y k\u1ec3 t\u1eeb ng\u00e0y nh\u1eadn h\u00e0ng.<\/p>\n\n\n\n<p>&#8211; S\u1ea3n ph\u1ea9m \u0111\u01b0\u1ee3c \u0110\u1ed4I M\u1edaI 100% ngay trong v\u00f2ng 3 ng\u00e0y. K\u1ec3 t\u1eeb ng\u00e0y giao h\u00e0ng n\u1ebfu x\u1ea3y ra l\u1ed7i do nh\u00e0 s\u1ea3n xu\u1ea5t. Do giao sai h\u00e0ng h\u00f3a, s\u1ea3n ph\u1ea9m c\u00f2n nguy\u00ean hi\u1ec7n tr\u1ea1ng m\u1edbi 100% nh\u01b0 ban \u0111\u1ea7u khi giao FCS&nbsp;s\u1ebd gi\u1ea3i quy\u1ebft ngay khi nh\u1eadn \u0111\u01b0\u1ee3c th\u00f4ng tin.<\/p>\n\n\n\n<p>** L\u01b0u \u00fd: Qu\u00fd kh\u00e1ch gi\u1eef l\u1ea1i to\u00e0n b\u1ed9 gi\u1ea5y t\u1edd khi giao d\u1ecbch v\u1edbi nh\u00e2n vi\u00ean c\u1ee7a FCS&nbsp;\u0111\u1ec3 \u0111\u1ed1i chi\u1ebfu khi c\u1ea7n thi\u1ebft. Gi\u1eef s\u1ea3n ph\u1ea9m m\u1edbi 100% nh\u01b0 ban \u0111\u1ea7u \u0111\u1ec3 \u0111\u01b0\u1ee3c h\u01b0\u1edfng ch\u00ednh s\u00e1ch 1 \u0111\u1ed5i 1 ch\u1ec9 c\u00f3 t\u1ea1i FCS,&nbsp;Ch\u00fang t\u00f4i s\u1ebd kh\u00f4ng ch\u1ea5p nh\u1eadn \u0111\u1ed5i\/tr\u1ea3 h\u00e0ng khi:<\/p>\n\n\n\n<p>&#8211; Qu\u00fd kh\u00e1ch h\u00e0ng \u0111\u00e3 s\u1eed d\u1ee5ng v\u00e0 mu\u1ed1n \u0111\u1ed5i tr\u1ea3<\/p>\n\n\n\n<p>&#8211; \u0110\u1ed1i v\u1edbi nh\u00e0 ph\u00e2n ph\u1ed1i kh\u00f4ng c\u00f3 ch\u1ee9ng t\u1eeb, H\u00f3a \u0111\u01a1n mua h\u00e0ng<\/p>\n\n\n\n<p>&#8211; Qu\u00fd kh\u00e1ch mu\u1ed1n thay \u0111\u1ed5i ch\u1ee7ng lo\u1ea1i, m\u1eabu m\u00e3 nh\u01b0ng kh\u00f4ng th\u00f4ng b\u00e1o tr\u01b0\u1edbc.&nbsp;<\/p>\n\n\n\n<p>&#8211; Qu\u00fd kh\u00e1ch t\u1ef1 l\u00e0m \u1ea3nh h\u01b0\u1edfng t\u00ecnh tr\u1ea1ng b\u00ean ngo\u00e0i. Nh\u01b0 r\u00e1ch bao b\u00ec, bong tr\u00f3c, b\u1ec3 v\u1ee1,\u2026&nbsp;<\/p>\n\n\n\n<p>&#8211; Qu\u00fd kh\u00e1ch \u0111\u00e3 ki\u1ec3m tra v\u00e0 k\u00fd nh\u1eadn t\u00ecnh tr\u1ea1ng h\u00e0ng h\u00f3a. Nh\u01b0ng kh\u00f4ng c\u00f3 ph\u1ea3n h\u1ed3i trong v\u00f2ng 24h k\u1ec3 t\u1eeb l\u00fac k\u00fd nh\u1eadn h\u00e0ng.&nbsp;<\/p>\n\n\n\n<p>* L\u01b0u \u00fd: Vi\u1ec7c \u0111\u1ed5i h\u00e0ng s\u1ebd \u0111\u01b0\u1ee3c th\u1ef1c hi\u1ec7n theo \u0111\u00fang quy \u0111\u1ecbnh c\u1ee7a nh\u00e0 cung c\u1ea5p, nh\u00e0 s\u1ea3n xu\u1ea5t. Ho\u1eb7c nh\u00e0 b\u1ea3o h\u00e0nh \u0111\u01b0\u1ee3c \u1ee7y quy\u1ec1n c\u1ee7a nh\u00e0 cung c\u1ea5p, nh\u00e0 s\u1ea3n xu\u1ea5t \u0111\u00f3.<\/p>\n\n\n\n<p>M\u1ecdi th\u1eafc m\u1eafc c\u1ea7n \u0111\u01b0\u1ee3c h\u1ed7 tr\u1ee3, qu\u00fd kh\u00e1ch h\u00e0ng vui l\u00f2ng li\u00ean h\u1ec7 tr\u1ef1c ti\u1ebfp hotline \u0111\u1ec3 \u0111\u01b0\u1ee3c gi\u1ea3i \u0111\u00e1p nhanh nh\u1ea5t!<\/p>\n","protected":false},"excerpt":{"rendered":"<p>Qu\u00fd kh\u00e1ch c\u00f3 th\u1ec3 th\u1ef1c hi\u1ec7n b\u1ea3o h\u00e0nh khi s\u1eed d\u1ee5ng d\u1ecbch v\u1ee5 c\u1ee7a website FCS. 1. &nbsp;Ch\u00ednh s\u00e1ch ki\u1ec3m h\u00e0ng Nh\u1eb1m \u0111\u1ea3m b\u1ea3o quy\u1ec1n l\u1ee3i ng\u01b0\u1eddi ti\u00eau d\u00f9ng, n\u00e2ng cao ch\u1ea5t l\u01b0\u1ee3ng d\u1ecbch v\u1ee5 sau b\u00e1n h\u00e0ng, FCS&nbsp;s\u1ebd h\u1ed7 tr\u1ee3 Qu\u00fd kh\u00e1ch th\u1ef1c hi\u1ec7n \u0111\u1ed5i s\u1ea3n ph\u1ea9m m\u1edbi. Ho\u1eb7c tr\u1ea3 l\u1ea1i s\u1ea3n ph\u1ea9m, ho\u00e0n [&hellip;]<\/p>\n","protected":false},"author":1,"featured_media":0,"parent":0,"menu_order":0,"comment_status":"closed","ping_status":"closed","template":"","meta":{"footnotes":""},"class_list":["post-7754","page","type-page","status-publish","hentry"],"_links":{"self":[{"href":"https:\/\/fulfillcoffeesupply.com\/index.php\/wp-json\/wp\/v2\/pages\/7754","targetHints":{"allow":["GET"]}}],"collection":[{"href":"https:\/\/fulfillcoffeesupply.com\/index.php\/wp-json\/wp\/v2\/pages"}],"about":[{"href":"https:\/\/fulfillcoffeesupply.com\/index.php\/wp-json\/wp\/v2\/types\/page"}],"author":[{"embeddable":true,"href":"https:\/\/fulfillcoffeesupply.com\/index.php\/wp-json\/wp\/v2\/users\/1"}],"replies":[{"embeddable":true,"href":"https:\/\/fulfillcoffeesupply.com\/index.php\/wp-json\/wp\/v2\/comments?post=7754"}],"version-history":[{"count":2,"href":"https:\/\/fulfillcoffeesupply.com\/index.php\/wp-json\/wp\/v2\/pages\/7754\/revisions"}],"predecessor-version":[{"id":8322,"href":"https:\/\/fulfillcoffeesupply.com\/index.php\/wp-json\/wp\/v2\/pages\/7754\/revisions\/8322"}],"wp:attachment":[{"href":"https:\/\/fulfillcoffeesupply.com\/index.php\/wp-json\/wp\/v2\/media?parent=7754"}],"curies":[{"name":"wp","href":"https:\/\/api.w.org\/{rel}","templated":true}]}}