{"id":7756,"date":"2025-11-20T17:24:42","date_gmt":"2025-11-20T10:24:42","guid":{"rendered":"http:\/\/fulfillcoffeesupply.com\/?page_id=7756"},"modified":"2026-03-09T15:07:23","modified_gmt":"2026-03-09T08:07:23","slug":"chinh-sach-bao-mat","status":"publish","type":"page","link":"https:\/\/fulfillcoffeesupply.com\/index.php\/chinh-sach-bao-mat\/","title":{"rendered":"Ch\u00ednh s\u00e1ch b\u1ea3o m\u1eadt"},"content":{"rendered":"\n<p>Ch\u00ednh s\u00e1ch b\u1ea3o m\u1eadt cho kh\u00e1ch h\u00e0ng bi\u1ebft Fulfill Coffee Supply (FCS) s\u1eed d\u1ee5ng th\u00f4ng tin c\u00e1 nh\u00e2n c\u1ee7a kh\u00e1ch h\u00e0ng thu th\u1eadp \u0111\u01b0\u1ee3c t\u1ea1i trang web <a href=\"https:\/\/fulfillcoffeesupply.com\/\">fulfillcoffeesupply.com<\/a> nh\u01b0 th\u1ebf n\u00e0o. Xin vui l\u00f2ng \u0111\u1ecdc ch\u00ednh s\u00e1ch b\u1ea3o m\u1eadt tr\u01b0\u1edbc khi s\u1eed d\u1ee5ng trang web ho\u1eb7c g\u1eedi b\u1ea5t k\u1ef3 th\u00f4ng tin c\u00e1 nh\u00e2n n\u00e0o.<\/p>\n\n\n\n<p>Khi s\u1eed d\u1ee5ng trang web, l\u00e0 qu\u00fd kh\u00e1ch \u0111ang ch\u1ea5p nh\u1eadn nh\u1eefng \u0111i\u1ec1u \u0111\u01b0\u1ee3c m\u00f4 t\u1ea3 trong ch\u00ednh s\u00e1ch b\u1ea3o m\u1eadt. Nh\u1eefng \u0111i\u1ec1u n\u00e0y c\u00f3 th\u1ec3 thay \u0111\u1ed5i b\u1ea5t c\u1ee9 l\u00fac n\u00e0o v\u00e0 \u0111\u01b0\u1ee3c \u00e1p d\u1ee5ng ngay khi \u0111\u0103ng t\u1ea3i. V\u00ec v\u1eady, qu\u00fd kh\u00e1ch n\u00ean xem l\u1ea1i ch\u00ednh s\u00e1ch b\u1ea3o m\u1eadt khi truy c\u1eadp v\u00e0o trang web \u0111\u1ec3 \u0111\u1ea3m b\u1ea3o r\u1eb1ng m\u00ecnh hi\u1ec3u c\u00e1c th\u00f4ng tin c\u00e1 nh\u00e2n cung c\u1ea5p cho ch\u00fang t\u00f4i \u0111\u01b0\u1ee3c s\u1eed d\u1ee5ng nh\u01b0 th\u1ebf n\u00e0o. Ch\u00ednh s\u00e1ch c\u1ee7a ch\u00fang t\u00f4i l\u00e0 gi\u1eef k\u00edn th\u00f4ng tin c\u00e1 nh\u00e2n \u0111\u01b0\u1ee3c nh\u1eadn t\u1eeb trang web ho\u00e0n to\u00e0n b\u00ed m\u1eadt, v\u00e0 ch\u1ec9 s\u1eed d\u1ee5ng cho m\u1ee5c \u0111\u00edch n\u1ed9i b\u1ed9. FCS<strong> KH\u00d4NG<\/strong> cung c\u1ea5p, mua b\u00e1n, chia s\u1ebb hay trao \u0111\u1ed5i th\u00f4ng tin c\u00e1 nh\u00e2n c\u1ee7a kh\u00e1ch h\u00e0ng cho b\u1ea5t k\u1ef3 b\u00ean n\u00e0o kh\u00e1c. H\u00e3y y\u00ean t\u00e2m r\u1eb1ng ch\u00fang t\u00f4i t\u00f4n tr\u1ecdng s\u1ef1 ri\u00eang t\u01b0 c\u1ee7a qu\u00fd kh\u00e1ch v\u00e0 x\u1eed l\u00fd d\u1eef li\u1ec7u c\u00e1 nh\u00e2n m\u1ed9t c\u00e1ch c\u1ea9n tr\u1ecdng t\u1ed1i \u0111a.<\/p>\n\n\n\n<ol start=\"1\" class=\"wp-block-list\">\n<li><strong>Ph\u1ea1m vi s\u1eed d\u1ee5ng<\/strong><\/li>\n<\/ol>\n\n\n\n<p>Th\u00f4ng tin c\u00e1 nh\u00e2n c\u1ee7a kh\u00e1ch h\u00e0ng s\u1ebd ch\u1ec9 \u0111\u01b0\u1ee3c FCS s\u1eed d\u1ee5ng trong n\u1ed9i b\u1ed9 c\u00f4ng ty v\u00e0 cho m\u1ed9t ho\u1eb7c t\u1ea5t c\u1ea3 c\u00e1c m\u1ee5c \u0111\u00edch d\u01b0\u1edbi \u0111\u00e2y:<\/p>\n\n\n\n<ul class=\"wp-block-list\">\n<li>H\u1ed7 tr\u1ee3 kh\u00e1ch h\u00e0ng<\/li>\n\n\n\n<li>Cung c\u1ea5p th\u00f4ng tin li\u00ean quan d\u1ecbch v\u1ee5<\/li>\n\n\n\n<li>X\u1eed l\u00fd \u0111\u01a1n \u0111\u1eb7t h\u00e0ng v\u00e0 cung c\u1ea5p d\u1ecbch v\u1ee5<\/li>\n\n\n\n<li>G\u1eedi th\u00f4ng tin s\u1ea3n ph\u1ea9m, d\u1ecbch v\u1ee5 m\u1edbi, th\u00f4ng tin v\u1ec1 c\u00e1c s\u1ef1 ki\u1ec7n s\u1eafp t\u1edbi ho\u1eb7c tin tuy\u1ec3n d\u1ee5ng n\u1ebfu kh\u00e1ch h\u00e0ng \u0111\u0103ng k\u00fd nh\u1eadn email th\u00f4ng b\u00e1o<\/li>\n\n\n\n<li>Ch\u00fang t\u00f4i s\u1eed d\u1ee5ng c\u00e1c th\u00f4ng tin nh\u01b0 lo\u1ea1i tr\u00ecnh duy\u1ec7t kh\u00e1ch h\u00e0ng s\u1eed d\u1ee5ng, ng\u00e0y v\u00e0 gi\u1edd truy c\u1ea5p website,\u2026 t\u1eeb \u0111\u00f3 Fulfill c\u00f3 th\u1ec3 c\u1ea3i thi\u1ec7n v\u00e0 qu\u1ea3n l\u00fd trang web.<\/li>\n<\/ul>\n\n\n\n<ol start=\"2\" class=\"wp-block-list\">\n<li><strong>Th\u1eddi gian l\u01b0u tr\u1eef th\u00f4ng tin<\/strong><\/li>\n<\/ol>\n\n\n\n<p>\u0110\u1ed1i v\u1edbi th\u00f4ng tin c\u00e1 nh\u00e2n, FCS ch\u1ec9 xo\u00e1 d\u1eef li\u1ec7u khi kh\u00e1ch h\u00e0ng c\u00f3 y\u00eau c\u1ea7u. Kh\u00e1ch h\u00e0ng y\u00eau c\u1ea7u g\u1eedi email:<\/p>\n\n\n\n<ol start=\"3\" class=\"wp-block-list\">\n<li><strong>Ai c\u00f3 th\u1ec3 ti\u1ebfp c\u1eadn th\u00f4ng tin \u0111\u00f3<\/strong><\/li>\n<\/ol>\n\n\n\n<p>\u0110\u1ed1i t\u01b0\u1ee3ng \u0111\u01b0\u1ee3c ti\u1ebfp c\u1eadn v\u1edbi th\u00f4ng tin c\u1ee7a kh\u00e1ch h\u00e0ng thu\u1ed9c m\u1ed9t trong nh\u1eefng tr\u01b0\u1eddng h\u1ee3p sau:<\/p>\n\n\n\n<ul class=\"wp-block-list\">\n<li>Nh\u00e2n vi\u00ean c\u00f4ng ty<\/li>\n\n\n\n<li>C\u00e1c \u0111\u1ed1i t\u00e1c c\u00f3 k\u00fd h\u1ee3p \u0111\u1ed9ng v\u1eadn chuy\u1ec3n, ho\u1eb7c 1 ph\u1ea7n dich v\u1ee5 c\u1ee7a c\u00f4ng ty. S\u1eed d\u1ee5ng th\u00f4ng tin c\u1ee7a kh\u00e1ch h\u00e0ng \u0111\u1ec3 h\u1ed7 tr\u1ee3 ng\u01b0\u1eddi d\u00f9ng s\u1eed d\u1ee5ng d\u1ecbch v\u1ee5 cho c\u00f4ng ty cung c\u1ea5p.<\/li>\n\n\n\n<li>Ch\u00fang t\u00f4i c\u00f3 th\u1ec3 chia s\u1ebb th\u00f4ng tin v\u1edbi c\u00e1c c\u01a1 quan ch\u00ednh ph\u1ee7 ho\u1eb7c c\u00e1c c\u00f4ng ty kh\u00e1c h\u1ed7 tr\u1ee3 ch\u00fang t\u00f4i trong vi\u1ec7c ph\u00f2ng ch\u1ed1ng gian l\u1eadn ho\u1eb7c \u0111i\u1ec1u tra.<\/li>\n<\/ul>\n\n\n\n<p><strong>L\u01b0u \u00fd: <\/strong>FCS ch\u1ec9 th\u1ef1c hi\u1ec7n \u0111i\u1ec1u n\u00e0y khi \u0111\u01b0\u1ee3c ph\u00e1p lu\u1eadt cho ph\u00e9p ho\u1eb7c theo y\u00eau c\u1ea7u c\u1ee7a ph\u00e1p lu\u1eadt, c\u1ed1 g\u1eafng b\u1ea3o v\u1ec7 ho\u1eb7c ng\u0103n ch\u1eb7n h\u00e0nh vi gian l\u1eadn th\u1ef1c t\u1ebf, giao d\u1ecbch tr\u00e1i ph\u00e9p. Cam k\u1ebft<strong> KH\u00d4NG CUNG C\u1ea4<\/strong>P cho m\u1ee5c \u0111\u00edch ti\u1ebfp th\u1ecb.<\/p>\n\n\n\n<p>Th\u00f4ng tin c\u00e1 nh\u00e2n c\u1ee7a kh\u00e1ch h\u00e0ng \u0111\u01b0\u1ee3c l\u01b0u gi\u1eef an to\u00e0n!<\/p>\n","protected":false},"excerpt":{"rendered":"<p>Ch\u00ednh s\u00e1ch b\u1ea3o m\u1eadt cho kh\u00e1ch h\u00e0ng bi\u1ebft Fulfill Coffee Supply (FCS) s\u1eed d\u1ee5ng th\u00f4ng tin c\u00e1 nh\u00e2n c\u1ee7a kh\u00e1ch h\u00e0ng thu th\u1eadp \u0111\u01b0\u1ee3c t\u1ea1i trang web fulfillcoffeesupply.com nh\u01b0 th\u1ebf n\u00e0o. Xin vui l\u00f2ng \u0111\u1ecdc ch\u00ednh s\u00e1ch b\u1ea3o m\u1eadt tr\u01b0\u1edbc khi s\u1eed d\u1ee5ng trang web ho\u1eb7c g\u1eedi b\u1ea5t k\u1ef3 th\u00f4ng tin c\u00e1 nh\u00e2n n\u00e0o. Khi [&hellip;]<\/p>\n","protected":false},"author":1,"featured_media":0,"parent":0,"menu_order":0,"comment_status":"closed","ping_status":"closed","template":"","meta":{"footnotes":""},"class_list":["post-7756","page","type-page","status-publish","hentry"],"_links":{"self":[{"href":"https:\/\/fulfillcoffeesupply.com\/index.php\/wp-json\/wp\/v2\/pages\/7756","targetHints":{"allow":["GET"]}}],"collection":[{"href":"https:\/\/fulfillcoffeesupply.com\/index.php\/wp-json\/wp\/v2\/pages"}],"about":[{"href":"https:\/\/fulfillcoffeesupply.com\/index.php\/wp-json\/wp\/v2\/types\/page"}],"author":[{"embeddable":true,"href":"https:\/\/fulfillcoffeesupply.com\/index.php\/wp-json\/wp\/v2\/users\/1"}],"replies":[{"embeddable":true,"href":"https:\/\/fulfillcoffeesupply.com\/index.php\/wp-json\/wp\/v2\/comments?post=7756"}],"version-history":[{"count":2,"href":"https:\/\/fulfillcoffeesupply.com\/index.php\/wp-json\/wp\/v2\/pages\/7756\/revisions"}],"predecessor-version":[{"id":8320,"href":"https:\/\/fulfillcoffeesupply.com\/index.php\/wp-json\/wp\/v2\/pages\/7756\/revisions\/8320"}],"wp:attachment":[{"href":"https:\/\/fulfillcoffeesupply.com\/index.php\/wp-json\/wp\/v2\/media?parent=7756"}],"curies":[{"name":"wp","href":"https:\/\/api.w.org\/{rel}","templated":true}]}}